{"id":48601,"date":"2017-02-14T08:58:43","date_gmt":"2017-02-14T07:58:43","guid":{"rendered":"http:\/\/www.oro6.it\/wp\/?page_id=48601"},"modified":"2017-02-19T10:12:17","modified_gmt":"2017-02-19T09:12:17","slug":"diamanti-da-investimento","status":"publish","type":"page","link":"https:\/\/www.oro6.it\/wp\/diamanti-da-investimento\/","title":{"rendered":"Diamanti da investimento"},"content":{"rendered":"<p><a href=\"http:\/\/www.oro6.it\/wp\/wp-content\/uploads\/2017\/02\/diamanti.jpg\"><img decoding=\"async\" class=\"alignnone size-full wp-image-48602\" src=\"http:\/\/www.oro6.it\/wp\/wp-content\/uploads\/2017\/02\/diamanti.jpg\" alt=\"\" width=\"100%\" srcset=\"https:\/\/www.oro6.it\/wp\/wp-content\/uploads\/2017\/02\/diamanti.jpg 700w, https:\/\/www.oro6.it\/wp\/wp-content\/uploads\/2017\/02\/diamanti-300x129.jpg 300w\" sizes=\"(max-width: 700px) 100vw, 700px\" \/><\/a><\/p>\n<p>Investire in diamanti \u00e8 sicuro ed affidabile. Esistono pi\u00f9 di 20 Borse diamanti nel mondo, con quotazioni quotidiane nelle piazze internazionali, \u00e8 possibile seguire semplicemente l&#8217;andamento attraverso gli organi stampa. Non solo, l&#8217;investimento in diamanti \u00e8 assolutamente conveniente grazie alla fiscalit\u00e0 agevolata. I diamanti in blister certificati sono tassati alla fonte (IVA al 22%) e non sono sottoposti a nessun ulteriore carico fiscale. In sostanza non vanno dichiarati al fisco e le plusvalenze non sono tassabili. I diamanti, inoltre, sono immediatamente liquidabili (in quanto ritenuti una sorta di vera e propria valuta soggetta al solo rischio di cambio Euro\/Dollaro: un diamante garantito \u00e8 facilmente collocabile sul mercato) di piccolo peso e di grande valore. I diamanti hanno infatti il pi\u00f9 alto valore per unit\u00e0 di peso: a titolo indicativo centomila euro possono equivalere a 2,5 Kg di oro e a meno di un grammo in diamanti. Il diamante \u00e8 l&#8217;investimento che frutta: complici le chiusure delle miniere e l&#8217;impoverimento dei giacimenti si ipotizza secondo stime pessimistiche un rendimento pari al 4,4% annuo (quello dell&#8217;ultimo decennio), con picchi del 7%. Infine il diamante \u00e8 un regalo indimenticabile<\/p>\n<p>Un diamante certificato non \u00e8 solo un investimento pratico e sicuro, ma anche un tangibile ed eterno dono: un regalo di classe tanto in blister quanto montato. l certificato gemmologico \u00e8 un elemento fondamentale nell&#8217;acquisto di un diamante. Il cliente Oro 6, grazie al certificato, conosce ogni caratteristica del diamante garantita da un laboratorio internazionale, autorevole e soprattutto indipendente.<br \/>\nPer avere certezza che il certificato sia autentico, esistono degli strumenti online, forniti direttamente dai laboratori stessi, che consentono di verificare ed eventualmente stampare copia del certificato.<br \/>\nQuesto strumento \u00e8 molto utile anche dopo molti anni dall&#8217;acquisto quando si fosse smarrito il certificato cartaceo del diamante (ecco i link diretti a G.I.A., http:\/\/www.gia.edu\/report-check-landing, H.R.D. http:\/\/www.hrdantwerplink.be, I.G.I.ANTWERP http:\/\/www.igiworldwide.com\/verify.php).<\/p>\n<p>Grazie alla ventennale esperienza nei preziosi da investimento, Oro 6 \u00e8 la scelta ideale per chi intenda sapere di pi\u00f9 sui diamanti da investimento: contattaci per una consulenza gratuita<\/p>\n","protected":false},"excerpt":{"rendered":"<p>Investire in diamanti \u00e8 sicuro ed affidabile. Esistono pi\u00f9 di 20 Borse diamanti nel mondo, con quotazioni quotidiane nelle piazze [&hellip;]<\/p>\n","protected":false},"author":1,"featured_media":0,"parent":0,"menu_order":0,"comment_status":"closed","ping_status":"closed","template":"","meta":{"footnotes":""},"class_list":["post-48601","page","type-page","status-publish","hentry"],"_links":{"self":[{"href":"https:\/\/www.oro6.it\/wp\/wp-json\/wp\/v2\/pages\/48601","targetHints":{"allow":["GET"]}}],"collection":[{"href":"https:\/\/www.oro6.it\/wp\/wp-json\/wp\/v2\/pages"}],"about":[{"href":"https:\/\/www.oro6.it\/wp\/wp-json\/wp\/v2\/types\/page"}],"author":[{"embeddable":true,"href":"https:\/\/www.oro6.it\/wp\/wp-json\/wp\/v2\/users\/1"}],"replies":[{"embeddable":true,"href":"https:\/\/www.oro6.it\/wp\/wp-json\/wp\/v2\/comments?post=48601"}],"version-history":[{"count":3,"href":"https:\/\/www.oro6.it\/wp\/wp-json\/wp\/v2\/pages\/48601\/revisions"}],"predecessor-version":[{"id":48613,"href":"https:\/\/www.oro6.it\/wp\/wp-json\/wp\/v2\/pages\/48601\/revisions\/48613"}],"wp:attachment":[{"href":"https:\/\/www.oro6.it\/wp\/wp-json\/wp\/v2\/media?parent=48601"}],"curies":[{"name":"wp","href":"https:\/\/api.w.org\/{rel}","templated":true}]}}